{"id":5300,"date":"2024-12-13T15:09:27","date_gmt":"2024-12-13T14:09:27","guid":{"rendered":"https:\/\/www.freebooterminiatures.de\/imprint-copy\/"},"modified":"2025-01-09T09:20:10","modified_gmt":"2025-01-09T08:20:10","slug":"imprint-copy","status":"publish","type":"page","link":"https:\/\/www.freebooterminiatures.de\/en\/imprint-copy\/","title":{"rendered":"GPSR"},"content":{"rendered":"<!--themify_builder_content-->\n<div id=\"themify_builder_content-5300\" data-postid=\"5300\" class=\"themify_builder_content themify_builder_content-5300 themify_builder tf_clear\">\n                    <div  data-parallax-bg=\"desktop\" data-lazy=\"1\" class=\"module_row themify_builder_row tb_t2v1033 tb_first tf_w\">\n                        <div class=\"row_inner col_align_top tb_col_count_1 tf_box tf_rel\">\n                        <div  data-lazy=\"1\" class=\"module_column tb-column col-full tb_kpyi243 first\">\n                            <div  data-lazy=\"1\" class=\"module_subrow themify_builder_sub_row tf_w col_align_top tb_col_count_1 tb_svy5443\">\n                <div  data-lazy=\"1\" class=\"module_column sub_column col-full tb_scuc004 first\">\n                            <\/div>\n                    <\/div>\n                <\/div>\n                        <\/div>\n        <\/div>\n                        <div  data-lazy=\"1\" class=\"module_row themify_builder_row tb_vq4r000 tf_w\">\n                        <div class=\"row_inner col_align_top tb_col_count_1 tf_box tf_rel\">\n                        <div  data-lazy=\"1\" class=\"module_column tb-column col-full tb_iv69440 first\">\n                    <!-- module text -->\n<div  class=\"module module-text tb_ack2005   \" data-lazy=\"1\">\n    <h3 class=\"module-title\">GPSR<\/h3>    <div  class=\"tb_text_wrap\">\n        <h2>GPSR<\/h2>\n<p>The EU&#8217;s new product safety regulation, known as the General Product Safety Regulation (GPSR), comes into force on December 13, 2024.<\/p>\n<p>What does this mean for you as a retailer? All consumer products placed on the EU market from this date onwards must contain additional mandatory information when sold, particularly via an online store. According to the GPSR regulation, this information must be clearly and visibly placed on the product.  <\/p>\n<p>A reassuring note in advance &#8211; products that were placed on the market before December 13, 2024 and do not contain the mandatory GPSR information may continue to be sold.<\/p>\n<p>Here you can find the <a href=\"https:\/\/eur-lex.europa.eu\/legal-content\/DE\/TXT\/?uri=CELEX%3A32023R0988\">link to the EU regulation<\/a><\/p>\n<p>As a retailer, you must provide the following information:<\/p>\n<p> <\/p>\n<p><em><u>Manufacturer &#8211; Manufacturer<\/u><\/em><\/p>\n<p>Freebooter Miniatures \/ Werner Klocke<\/p>\n<p>Steinbrinkstr. 155<\/p>\n<p>46145 Oberhausen<\/p>\n<p>Germany<\/p>\n<p>order@freebooterminiatures.de<\/p>\n<p> <\/p>\n<p><em><u>Responsible person &#8211; Person in charge<\/u><\/em><\/p>\n<p>Werner Klocke<\/p>\n<p> <\/p>\n<p><em><u>Pictures, type and information of the products &#8211; Pictures and information of the products<\/u><\/em><\/p>\n<p>You can find pictures and product information in our <a href=\"https:\/\/www.fbm-shop.de\">webshop<\/a><\/p>\n<p>&#8211; You can find pictures and product information in our <a href=\"https:\/\/www.fbm-shop.de\">webshop<\/a>.<\/p>\n<p>Warnings can be found on the packaging and here.<\/p>\n<p>&#8211; Warnings can be found on the packaging and here.<\/p>\n<p> <\/p>\n<p><em><u>Warnings for all miniature figures made of metal and resin, as well as the kits made of HDF<\/u><\/em><\/p>\n<p>Model kit for players and collectors. The products still need to be assembled and painted. Scenery, glue and paints not included. Always wear gloves and a mask when working with metal and resin to avoid inhaling the fine dust.   <\/p>\n<p>The products contain small and sharp parts that must not be swallowed. Not suitable for children under 3 years of age. Not recommended for children under 14 years of age.  <\/p>\n<p>Please wear a respirator and gloves when working (drilling and sanding) on Resin HDF and MDF.<\/p>\n<p>Attention! This is not a toy!<\/p>\n<p> <\/p>\n<p>Manufacturer:<\/p>\n<p>H\u00f3di D\u00e1niel, 43289165<br>6640 Csongr\u00e1d<br>Belter\u00fclet HRSZ.5131\/12, HUNGARY<br>sebitarworkshop@szamlazz.hu<br>Resin used:<\/p>\n<p>SikaBiresin F180 A and B.<\/p>\n<p>Data sheet:<br><a href=\"https:\/\/www.amtcomposites.co.za\/wp-content\/uploads\/2021\/05\/SikaBiresin-F180-F180-1_eng.pdf?srsltid=AfmBOooQpqSd1zAF_dXgyyZyx-ggyNCEm8zIOPUKVX9TUeuvF9Ek0-pI\" target=\"_blank\" rel=\"noopener\">https:\/\/www.amtcomposites.co.za\/wp-content\/uploads\/2021\/05\/SikaBiresin-F180-F180-1_eng.pdf?srsltid=AfmBOooQpqSd1zAF_dXgyyZyx-ggyNCEm8zIOPUKVX9TUeuvF9Ek0-pI<\/a><\/p>\n<p> <\/p>\n<p><em><u>Further notes on assembling HDF kits<\/u><\/em><\/p>\n<p>Read the assembly instructions on the back carefully before assembling. The individual parts are attached to the frame with small bars. These must be carefully cut through to remove the parts. It is best to use a sharp craft knife to do this so that thin parts do not bend or break and the edges remain straight.   <\/p>\n<p>Some parts, such as windows or doors, can be built in different versions. For example, a closed door can simply remain in the door frame. In this case, the connection can be reinforced with a drop of glue to prevent the part from being pushed out unintentionally.  <\/p>\n<p>It is recommended that the most important parts, such as shelves and walls, are first briefly put together before gluing to check the accuracy of fit.<\/p>\n<p>If reworking is necessary, the HDF can be finished with a file or sandpaper. If a lasered edge that is not glued needs to be sanded, it is recommended that it is then brushed with diluted wood glue to prevent fraying and create a smooth edge. Most components are designed to hold without glue. Please take special care when drying small or thin parts, as they could otherwise break or deform when they are loosened again. The laser-cut edges of the HDF discolor in the raw state. We therefore recommend that you pay attention to your clothing when assembling and wear disposable gloves if necessary.     <\/p>\n<p>We recommend using standard wood glue (white glue) or thick superglue for assembly (thin superglue is not suitable for this material). Apply a thin layer of glue or adhesive and press the parts together immediately. Secure the parts with clamps or rubber bands until the glue or adhesive has dried through. Wipe off excess glue, especially superglue, immediately, as paint does not adhere well to it and the joint will look messy even when painted. Thick superglue is better than wood glue for gluing small parts.    <\/p>\n<p> <\/p>\n<p><em><u>Painting of HDF<\/u><\/em><\/p>\n<p>We recommend priming the buildings before painting. Spray primers are ideal for this. When using them, it is important to always apply the paint thinly and evenly. If in doubt, two thin coats are always better than one thick one. When priming with a brush, make sure that the paint is not applied too watery so that the HDF parts do not swell and warp as a result. Allow any primer to dry thoroughly, at least several hours, preferably overnight. The building can then be painted with commercially available acrylic or enamel paints.      <\/p>\n<p>Alternatively, the parts can also be conveniently painted in the frame before assembly. Care should be taken to ensure that the glued areas remain free of paint. <\/p>\n<p> <\/p>\n<h2>GPSR haulm cover, haulm tac, haulm fixer<\/h2>\n<p><em><u>Manufacturer &#8211; Manufacturer<\/u><\/em><\/p>\n<p>DELTADOG DESIGNZ Spiele Verlag<br>Tobias Kornemann<br>Auf dem Berge 7<br>34592 Kn\u00fcllwald-Remsfeld<br>produktsicherheit@krautcover.de<\/p>\n<p><em><u>Responsible person &#8211; Person in charge<\/u><\/em><\/p>\n<p>Tobias Kornemann<\/p>\n<p> <\/p>\n<p>Safety data sheets can be found <a href=\"https:\/\/www.freebooterminiatures.de\/download-category\/gpsr\/\">here<\/a>.<\/p>\n<p> <\/p>\n<p>\n<blockquote class=\"wp-embedded-content\" data-secret=\"wGFpIAPZXa\"><a href=\"https:\/\/www.freebooterminiatures.de\/en\/download\/gpsr-kraut-fixer\/\">GPSR Kraut Tac<\/a><\/blockquote><iframe loading=\"lazy\" class=\"wp-embedded-content\" sandbox=\"allow-scripts\" security=\"restricted\" style=\"position: absolute; visibility: hidden;\" title=\"&#8220;GPSR Kraut Tac&#8221; &#8212; Freebooter Miniatures Games\" src=\"https:\/\/www.freebooterminiatures.de\/en\/download\/gpsr-kraut-fixer\/embed\/#?secret=tqDAae754Y#?secret=wGFpIAPZXa\" data-secret=\"wGFpIAPZXa\" width=\"600\" height=\"338\" frameborder=\"0\" marginwidth=\"0\" marginheight=\"0\" scrolling=\"no\"><\/iframe>\n<\/p>\n<p>\n<blockquote class=\"wp-embedded-content\" data-secret=\"6qFxFC5VVP\"><a href=\"https:\/\/www.freebooterminiatures.de\/en\/download\/gpsr-krautfixer\/\">GPSR Krautfixer<\/a><\/blockquote><iframe loading=\"lazy\" class=\"wp-embedded-content\" sandbox=\"allow-scripts\" security=\"restricted\" style=\"position: absolute; visibility: hidden;\" title=\"&#8220;GPSR Krautfixer&#8221; &#8212; Freebooter Miniatures Games\" src=\"https:\/\/www.freebooterminiatures.de\/en\/download\/gpsr-krautfixer\/embed\/#?secret=3pPPf7XOcL#?secret=6qFxFC5VVP\" data-secret=\"6qFxFC5VVP\" width=\"600\" height=\"338\" frameborder=\"0\" marginwidth=\"0\" marginheight=\"0\" scrolling=\"no\"><\/iframe>\n<\/p>\n<div class=\"agb_content agb_imprint notranslate\">\n<div>\n<div>\n<div id=\"_com_1\" class=\"msocomtxt\">\n<p><!-- [if !supportAnnotations]--><\/p>\n<\/div>\n<p><!--[endif]--><\/p>\n<\/div>\n<\/div>\n<\/div>    <\/div>\n<\/div>\n<!-- \/module text --><!-- module text -->\n<div  class=\"module module-text tb_nehn005    wow\" data-tf-animation=\"fadeInUp\" data-lazy=\"1\">\n        <div  class=\"tb_text_wrap\">\n        <p><img loading=\"lazy\" decoding=\"async\" class=\"size-medium wp-image-506 aligncenter\" src=\"https:\/\/www.freebooterminiatures.de\/wp-content\/uploads\/2022\/11\/FBM-Logo-300x138.png\" alt=\"\" width=\"300\" height=\"138\" srcset=\"https:\/\/www.freebooterminiatures.de\/wp-content\/uploads\/2022\/11\/FBM-Logo-300x138.png 300w, https:\/\/www.freebooterminiatures.de\/wp-content\/uploads\/2022\/11\/FBM-Logo-1024x473.png 1024w, https:\/\/www.freebooterminiatures.de\/wp-content\/uploads\/2022\/11\/FBM-Logo-768x354.png 768w, https:\/\/www.freebooterminiatures.de\/wp-content\/uploads\/2022\/11\/FBM-Logo-1536x709.png 1536w, https:\/\/www.freebooterminiatures.de\/wp-content\/uploads\/2022\/11\/FBM-Logo-2048x945.png 2048w, https:\/\/www.freebooterminiatures.de\/wp-content\/uploads\/2022\/11\/FBM-Logo-18x8.png 18w, https:\/\/www.freebooterminiatures.de\/wp-content\/uploads\/2022\/11\/FBM-Logo-1024x473-200x92.png 200w, https:\/\/www.freebooterminiatures.de\/wp-content\/uploads\/2022\/11\/FBM-Logo-1024x473-400x184.png 400w, https:\/\/www.freebooterminiatures.de\/wp-content\/uploads\/2022\/11\/FBM-Logo-1024x473-445x205.png 445w\" sizes=\"auto, (max-width: 300px) 100vw, 300px\" \/><\/p>    <\/div>\n<\/div>\n<!-- \/module text -->        <\/div>\n                        <\/div>\n        <\/div>\n        <\/div>\n<!--\/themify_builder_content-->","protected":false},"excerpt":{"rendered":"<p>GPSR GPSR The EU&#8217;s new product safety regulation, known as the General Product Safety Regulation (GPSR), comes into force on December 13, 2024. What does this mean for you as a retailer? All consumer products placed on the EU market from this date onwards must contain additional mandatory information when sold, particularly via an online [&hellip;]<\/p>\n","protected":false},"author":1,"featured_media":0,"parent":0,"menu_order":0,"comment_status":"closed","ping_status":"closed","template":"","meta":{"footnotes":""},"class_list":["post-5300","page","type-page","status-publish","hentry","has-post-title","has-post-date","has-post-category","has-post-tag","has-post-comment","has-post-author",""],"builder_content":"<h3>GPSR<\/h3> <h2>GPSR<\/h2> <p>The EU's new product safety regulation, known as the General Product Safety Regulation (GPSR), comes into force on December 13, 2024.<\/p> <p>What does this mean for you as a retailer? All consumer products placed on the EU market from this date onwards must contain additional mandatory information when sold, particularly via an online store. According to the GPSR regulation, this information must be clearly and visibly placed on the product. <\/p> <p>A reassuring note in advance - products that were placed on the market before December 13, 2024 and do not contain the mandatory GPSR information may continue to be sold.<\/p> <p>Here you can find the <a href=\"https:\/\/eur-lex.europa.eu\/legal-content\/DE\/TXT\/?uri=CELEX%3A32023R0988\">link to the EU regulation<\/a><\/p> <p>As a retailer, you must provide the following information:<\/p> <p> <\/p> <p><em><u>Manufacturer - Manufacturer<\/u><\/em><\/p> <p>Freebooter Miniatures \/ Werner Klocke<\/p> <p>Steinbrinkstr. 155<\/p> <p>46145 Oberhausen<\/p> <p>Germany<\/p> <p>order@freebooterminiatures.de<\/p> <p> <\/p> <p><em><u>Responsible person - Person in charge<\/u><\/em><\/p> <p>Werner Klocke<\/p> <p> <\/p> <p><em><u>Pictures, type and information of the products - Pictures and information of the products<\/u><\/em><\/p> <p>You can find pictures and product information in our <a href=\"https:\/\/www.fbm-shop.de\">webshop<\/a><\/p> <p>- You can find pictures and product information in our <a href=\"https:\/\/www.fbm-shop.de\">webshop<\/a>.<\/p> <p>Warnings can be found on the packaging and here.<\/p> <p>- Warnings can be found on the packaging and here.<\/p> <p> <\/p> <p><em><u>Warnings for all miniature figures made of metal and resin, as well as the kits made of HDF<\/u><\/em><\/p> <p>Model kit for players and collectors. The products still need to be assembled and painted. Scenery, glue and paints not included. Always wear gloves and a mask when working with metal and resin to avoid inhaling the fine dust. <\/p> <p>The products contain small and sharp parts that must not be swallowed. Not suitable for children under 3 years of age. Not recommended for children under 14 years of age. <\/p> <p>Please wear a respirator and gloves when working (drilling and sanding) on Resin HDF and MDF.<\/p> <p>Attention! This is not a toy!<\/p> <p> <\/p> <p>Manufacturer:<\/p> <p>H\u00f3di D\u00e1niel, 43289165<br>6640 Csongr\u00e1d<br>Belter\u00fclet HRSZ.5131\/12, HUNGARY<br>sebitarworkshop@szamlazz.hu<br>Resin used:<\/p> <p>SikaBiresin F180 A and B.<\/p> <p>Data sheet:<br><a href=\"https:\/\/www.amtcomposites.co.za\/wp-content\/uploads\/2021\/05\/SikaBiresin-F180-F180-1_eng.pdf?srsltid=AfmBOooQpqSd1zAF_dXgyyZyx-ggyNCEm8zIOPUKVX9TUeuvF9Ek0-pI\" target=\"_blank\" rel=\"noopener\">https:\/\/www.amtcomposites.co.za\/wp-content\/uploads\/2021\/05\/SikaBiresin-F180-F180-1_eng.pdf?srsltid=AfmBOooQpqSd1zAF_dXgyyZyx-ggyNCEm8zIOPUKVX9TUeuvF9Ek0-pI<\/a><\/p> <p> <\/p> <p><em><u>Further notes on assembling HDF kits<\/u><\/em><\/p> <p>Read the assembly instructions on the back carefully before assembling. The individual parts are attached to the frame with small bars. These must be carefully cut through to remove the parts. It is best to use a sharp craft knife to do this so that thin parts do not bend or break and the edges remain straight. <\/p> <p>Some parts, such as windows or doors, can be built in different versions. For example, a closed door can simply remain in the door frame. In this case, the connection can be reinforced with a drop of glue to prevent the part from being pushed out unintentionally. <\/p> <p>It is recommended that the most important parts, such as shelves and walls, are first briefly put together before gluing to check the accuracy of fit.<\/p> <p>If reworking is necessary, the HDF can be finished with a file or sandpaper. If a lasered edge that is not glued needs to be sanded, it is recommended that it is then brushed with diluted wood glue to prevent fraying and create a smooth edge. Most components are designed to hold without glue. Please take special care when drying small or thin parts, as they could otherwise break or deform when they are loosened again. The laser-cut edges of the HDF discolor in the raw state. We therefore recommend that you pay attention to your clothing when assembling and wear disposable gloves if necessary. <\/p> <p>We recommend using standard wood glue (white glue) or thick superglue for assembly (thin superglue is not suitable for this material). Apply a thin layer of glue or adhesive and press the parts together immediately. Secure the parts with clamps or rubber bands until the glue or adhesive has dried through. Wipe off excess glue, especially superglue, immediately, as paint does not adhere well to it and the joint will look messy even when painted. Thick superglue is better than wood glue for gluing small parts. <\/p> <p> <\/p> <p><em><u>Painting of HDF<\/u><\/em><\/p> <p>We recommend priming the buildings before painting. Spray primers are ideal for this. When using them, it is important to always apply the paint thinly and evenly. If in doubt, two thin coats are always better than one thick one. When priming with a brush, make sure that the paint is not applied too watery so that the HDF parts do not swell and warp as a result. Allow any primer to dry thoroughly, at least several hours, preferably overnight. The building can then be painted with commercially available acrylic or enamel paints. <\/p> <p>Alternatively, the parts can also be conveniently painted in the frame before assembly. Care should be taken to ensure that the glued areas remain free of paint. <\/p> <p> <\/p> <h2>GPSR haulm cover, haulm tac, haulm fixer<\/h2> <p><em><u>Manufacturer - Manufacturer<\/u><\/em><\/p> <p>DELTADOG DESIGNZ Spiele Verlag<br>Tobias Kornemann<br>Auf dem Berge 7<br>34592 Kn\u00fcllwald-Remsfeld<br>produktsicherheit@krautcover.de<\/p> <p><em><u>Responsible person - Person in charge<\/u><\/em><\/p> <p>Tobias Kornemann<\/p> <p> <\/p> <p>Safety data sheets can be found <a href=\"https:\/\/www.freebooterminiatures.de\/download-category\/gpsr\/\">here<\/a>.<\/p> <p> <\/p> <p>https:\/\/www.freebooterminiatures.de\/download\/gpsr-kraut-fixer\/<\/p> <p>https:\/\/www.freebooterminiatures.de\/download\/gpsr-krautfixer\/<\/p>\n<p><\/p>\n<p><\/p>\n<p><img loading=\"lazy\" decoding=\"async\" src=\"https:\/\/www.freebooterminiatures.de\/wp-content\/uploads\/2022\/11\/FBM-Logo-300x138.png\" alt=\"\" width=\"300\" height=\"138\" srcset=\"https:\/\/www.freebooterminiatures.de\/wp-content\/uploads\/2022\/11\/FBM-Logo-300x138.png 300w, https:\/\/www.freebooterminiatures.de\/wp-content\/uploads\/2022\/11\/FBM-Logo-1024x473.png 1024w, https:\/\/www.freebooterminiatures.de\/wp-content\/uploads\/2022\/11\/FBM-Logo-768x354.png 768w, https:\/\/www.freebooterminiatures.de\/wp-content\/uploads\/2022\/11\/FBM-Logo-1536x709.png 1536w, https:\/\/www.freebooterminiatures.de\/wp-content\/uploads\/2022\/11\/FBM-Logo-2048x945.png 2048w, https:\/\/www.freebooterminiatures.de\/wp-content\/uploads\/2022\/11\/FBM-Logo-18x8.png 18w, https:\/\/www.freebooterminiatures.de\/wp-content\/uploads\/2022\/11\/FBM-Logo-1024x473-200x92.png 200w, https:\/\/www.freebooterminiatures.de\/wp-content\/uploads\/2022\/11\/FBM-Logo-1024x473-400x184.png 400w, https:\/\/www.freebooterminiatures.de\/wp-content\/uploads\/2022\/11\/FBM-Logo-1024x473-445x205.png 445w\" sizes=\"auto, (max-width: 300px) 100vw, 300px\" \/><\/p>","_links":{"self":[{"href":"https:\/\/www.freebooterminiatures.de\/en\/wp-json\/wp\/v2\/pages\/5300","targetHints":{"allow":["GET"]}}],"collection":[{"href":"https:\/\/www.freebooterminiatures.de\/en\/wp-json\/wp\/v2\/pages"}],"about":[{"href":"https:\/\/www.freebooterminiatures.de\/en\/wp-json\/wp\/v2\/types\/page"}],"author":[{"embeddable":true,"href":"https:\/\/www.freebooterminiatures.de\/en\/wp-json\/wp\/v2\/users\/1"}],"replies":[{"embeddable":true,"href":"https:\/\/www.freebooterminiatures.de\/en\/wp-json\/wp\/v2\/comments?post=5300"}],"version-history":[{"count":18,"href":"https:\/\/www.freebooterminiatures.de\/en\/wp-json\/wp\/v2\/pages\/5300\/revisions"}],"predecessor-version":[{"id":5715,"href":"https:\/\/www.freebooterminiatures.de\/en\/wp-json\/wp\/v2\/pages\/5300\/revisions\/5715"}],"wp:attachment":[{"href":"https:\/\/www.freebooterminiatures.de\/en\/wp-json\/wp\/v2\/media?parent=5300"}],"curies":[{"name":"wp","href":"https:\/\/api.w.org\/{rel}","templated":true}]}}